{"id":116,"date":"2026-01-27T09:21:04","date_gmt":"2026-01-27T09:21:04","guid":{"rendered":"https:\/\/rakosrenata.keriweb.hu\/?page_id=116"},"modified":"2026-01-27T09:21:04","modified_gmt":"2026-01-27T09:21:04","slug":"gyakori-kerdesek","status":"publish","type":"page","link":"https:\/\/rakosrenata.keriweb.hu\/en\/gyakori-kerdesek\/","title":{"rendered":"Frequently asked questions"},"content":{"rendered":"<style>#sp-ea-115 .spcollapsing { height: 0; overflow: hidden; transition-property: height;transition-duration: 300ms;}#sp-ea-115.sp-easy-accordion>.sp-ea-single {margin-bottom: 10px; border: 1px solid #e2e2e2; }#sp-ea-115.sp-easy-accordion>.sp-ea-single>.ea-header a {color: #444;}#sp-ea-115.sp-easy-accordion>.sp-ea-single>.sp-collapse>.ea-body {background: #fff; color: #444;}#sp-ea-115.sp-easy-accordion>.sp-ea-single {background: #eee;}#sp-ea-115.sp-easy-accordion>.sp-ea-single>.ea-header a .ea-expand-icon { float: left; color: #444;font-size: 16px;}<\/style><div id=\"sp_easy_accordion-1769503525\"><div id=\"sp-ea-115\" class=\"sp-ea-one sp-easy-accordion\" data-ea-active=\"ea-click\" data-ea-mode=\"vertical\" data-preloader=\"\" data-scroll-active-item=\"\" data-offset-to-scroll=\"0\"><div class=\"ea-card ea-expand sp-ea-single\"><h3 class=\"ea-header\"><a class=\"collapsed\" id=\"ea-header-1150\" role=\"button\" data-sptoggle=\"spcollapse\" data-sptarget=\"#collapse1150\" aria-controls=\"collapse1150\" href=\"#\" aria-expanded=\"true\" tabindex=\"0\"><i aria-hidden=\"true\" role=\"presentation\" class=\"ea-expand-icon eap-icon-ea-expand-minus\"><\/i> M\u00f3dos\u00edthat\u00f3 a rendel\u00e9sem?<\/a><\/h3><div class=\"sp-collapse spcollapse collapsed show\" id=\"collapse1150\" data-parent=\"#sp-ea-115\" role=\"region\" aria-labelledby=\"ea-header-1150\"> <div class=\"ea-body\"><p>Rendszerint igen, a feldolgoz\u00e1sig, de \u00faj term\u00e9k hozz\u00e1ad\u00e1sa \u00faj rendel\u00e9st ig\u00e9nyel.<\/p><\/div><\/div><\/div><div class=\"ea-card sp-ea-single\"><h3 class=\"ea-header\"><a class=\"collapsed\" id=\"ea-header-1151\" role=\"button\" data-sptoggle=\"spcollapse\" data-sptarget=\"#collapse1151\" aria-controls=\"collapse1151\" href=\"#\" aria-expanded=\"false\" tabindex=\"0\"><i aria-hidden=\"true\" role=\"presentation\" class=\"ea-expand-icon eap-icon-ea-expand-plus\"><\/i> Lemondhatom a rendel\u00e9st?\u00a0<\/a><\/h3><div class=\"sp-collapse spcollapse\" id=\"collapse1151\" data-parent=\"#sp-ea-115\" role=\"region\" aria-labelledby=\"ea-header-1151\"> <div class=\"ea-body\"><p><span class=\"T286Pc\" data-sfc-cp=\"\" data-processed=\"true\">I<\/span><span class=\"T286Pc\" data-sfc-cp=\"\" data-processed=\"true\">gen, a sz\u00e1ll\u00edt\u00e1s megkezd\u00e9se el\u0151tt.<\/span><\/p><\/div><\/div><\/div><div class=\"ea-card sp-ea-single\"><h3 class=\"ea-header\"><a class=\"collapsed\" id=\"ea-header-1152\" role=\"button\" data-sptoggle=\"spcollapse\" data-sptarget=\"#collapse1152\" aria-controls=\"collapse1152\" href=\"#\" aria-expanded=\"false\" tabindex=\"0\"><i aria-hidden=\"true\" role=\"presentation\" class=\"ea-expand-icon eap-icon-ea-expand-plus\"><\/i> Tartalmazza az \u00e1r az \u00c1FA-t?<\/a><\/h3><div class=\"sp-collapse spcollapse\" id=\"collapse1152\" data-parent=\"#sp-ea-115\" role=\"region\" aria-labelledby=\"ea-header-1152\"> <div class=\"ea-body\"><p><span class=\"T286Pc\" data-sfc-cp=\"\" data-processed=\"true\">Igen, a webshop brutt\u00f3 \u00e1rakat t\u00fcntet fel .<\/span><\/p><\/div><\/div><\/div><div class=\"ea-card sp-ea-single\"><h3 class=\"ea-header\"><a class=\"collapsed\" id=\"ea-header-1153\" role=\"button\" data-sptoggle=\"spcollapse\" data-sptarget=\"#collapse1153\" aria-controls=\"collapse1153\" href=\"#\" aria-expanded=\"false\" tabindex=\"0\"><i aria-hidden=\"true\" role=\"presentation\" class=\"ea-expand-icon eap-icon-ea-expand-plus\"><\/i> Kapok sz\u00e1ml\u00e1t?<\/a><\/h3><div class=\"sp-collapse spcollapse\" id=\"collapse1153\" data-parent=\"#sp-ea-115\" role=\"region\" aria-labelledby=\"ea-header-1153\"> <div class=\"ea-body\"><p>Igen, minden v\u00e1s\u00e1rl\u00e1sr\u00f3l elektronikus vagy pap\u00edralap\u00fa sz\u00e1mla k\u00e9sz\u00fcl.<\/p><\/div><\/div><\/div><div class=\"ea-card sp-ea-single\"><h3 class=\"ea-header\"><a class=\"collapsed\" id=\"ea-header-1154\" role=\"button\" data-sptoggle=\"spcollapse\" data-sptarget=\"#collapse1154\" aria-controls=\"collapse1154\" href=\"#\" aria-expanded=\"false\" tabindex=\"0\"><i aria-hidden=\"true\" role=\"presentation\" class=\"ea-expand-icon eap-icon-ea-expand-plus\"><\/i> Mi van, ha s\u00e9r\u00fclt a term\u00e9k?\u00a0<\/a><\/h3><div class=\"sp-collapse spcollapse\" id=\"collapse1154\" data-parent=\"#sp-ea-115\" role=\"region\" aria-labelledby=\"ea-header-1154\"> <div class=\"ea-body\"><p><span class=\"T286Pc\" data-sfc-cp=\"\" data-processed=\"true\">Ilyenkor jegyz\u0151k\u00f6nyvet kell felvenni a fut\u00e1rral, \u00e9s halad\u00e9ktalanul jelezni a web\u00e1ruh\u00e1znak.<\/span><span class=\"uJ19be notranslate\" data-wiz-uids=\"eOIj7d_1w\" data-processed=\"true\"><span class=\"vKEkVd\" data-animation-atomic=\"\" data-wiz-attrbind=\"class=eOIj7d_1v\/TKHnVd\" data-processed=\"true\">\u00a0<\/span><\/span><\/p><\/div><\/div><\/div><div class=\"ea-card sp-ea-single\"><h3 class=\"ea-header\"><a class=\"collapsed\" id=\"ea-header-1155\" role=\"button\" data-sptoggle=\"spcollapse\" data-sptarget=\"#collapse1155\" aria-controls=\"collapse1155\" href=\"#\" aria-expanded=\"false\" tabindex=\"0\"><i aria-hidden=\"true\" role=\"presentation\" class=\"ea-expand-icon eap-icon-ea-expand-plus\"><\/i> Hogyan tudom, hogy k\u00e9szleten van?\u00a0<\/a><\/h3><div class=\"sp-collapse spcollapse\" id=\"collapse1155\" data-parent=\"#sp-ea-115\" role=\"region\" aria-labelledby=\"ea-header-1155\"> <div class=\"ea-body\"><p><span class=\"T286Pc\" data-sfc-cp=\"\" data-processed=\"true\">A webshop oldala val\u00f3s idej\u0171 k\u00e9szletinform\u00e1ci\u00f3t ad, de \u00e9rdemes a visszaigazol\u00e1st megv\u00e1rni.<\/span><span class=\"uJ19be notranslate\" data-wiz-uids=\"eOIj7d_2b\" data-processed=\"true\"><span class=\"vKEkVd\" data-animation-atomic=\"\" data-wiz-attrbind=\"class=eOIj7d_2a\/TKHnVd\" data-processed=\"true\">\u00a0<\/span><\/span><\/p><\/div><\/div><\/div><div class=\"ea-card sp-ea-single\"><h3 class=\"ea-header\"><a class=\"collapsed\" id=\"ea-header-1156\" role=\"button\" data-sptoggle=\"spcollapse\" data-sptarget=\"#collapse1156\" aria-controls=\"collapse1156\" href=\"#\" aria-expanded=\"false\" tabindex=\"0\"><i aria-hidden=\"true\" role=\"presentation\" class=\"ea-expand-icon eap-icon-ea-expand-plus\"><\/i> Kell regisztr\u00e1lnom a v\u00e1s\u00e1rl\u00e1shoz?<\/a><\/h3><div class=\"sp-collapse spcollapse\" id=\"collapse1156\" data-parent=\"#sp-ea-115\" role=\"region\" aria-labelledby=\"ea-header-1156\"> <div class=\"ea-body\"><p>Nem, n\u00e1lunk regisztr\u00e1ci\u00f3 n\u00e9lk\u00fcl is v\u00e1s\u00e1rolhatsz. Ha m\u00e9gis regisztr\u00e1lsz, gyorsabban int\u00e9zheted a k\u00e9s\u0151bbi rendel\u00e9seidet \u00e9s nyomon k\u00f6vetheted azokat.<\/p><\/div><\/div><\/div><div class=\"ea-card sp-ea-single\"><h3 class=\"ea-header\"><a class=\"collapsed\" id=\"ea-header-1157\" role=\"button\" data-sptoggle=\"spcollapse\" data-sptarget=\"#collapse1157\" aria-controls=\"collapse1157\" href=\"#\" aria-expanded=\"false\" tabindex=\"0\"><i aria-hidden=\"true\" role=\"presentation\" class=\"ea-expand-icon eap-icon-ea-expand-plus\"><\/i> Mennyi id\u0151 alatt sz\u00e1ll\u00edtjuk ki a rendel\u00e9st?<\/a><\/h3><div class=\"sp-collapse spcollapse\" id=\"collapse1157\" data-parent=\"#sp-ea-115\" role=\"region\" aria-labelledby=\"ea-header-1157\"> <div class=\"ea-body\"><p>A rendel\u00e9seket \u00e1ltal\u00e1ban 1\u20135 munkanapon bel\u00fcl k\u00e9zbes\u00edtj\u00fck, a v\u00e1lasztott sz\u00e1ll\u00edt\u00e1si m\u00f3dt\u00f3l \u00e9s a term\u00e9k k\u00e9szlet\u00e9t\u0151l f\u00fcgg\u0151en.<\/p><\/div><\/div><\/div><div class=\"ea-card sp-ea-single\"><h3 class=\"ea-header\"><a class=\"collapsed\" id=\"ea-header-1158\" role=\"button\" data-sptoggle=\"spcollapse\" data-sptarget=\"#collapse1158\" aria-controls=\"collapse1158\" href=\"#\" aria-expanded=\"false\" tabindex=\"0\"><i aria-hidden=\"true\" role=\"presentation\" class=\"ea-expand-icon eap-icon-ea-expand-plus\"><\/i> Hogyan tudod nyomon k\u00f6vetni a csomagodat?<\/a><\/h3><div class=\"sp-collapse spcollapse\" id=\"collapse1158\" data-parent=\"#sp-ea-115\" role=\"region\" aria-labelledby=\"ea-header-1158\"> <div class=\"ea-body\"><p>A csomag felad\u00e1s\u00e1r\u00f3l e-mailben \u00e9rtes\u00edt\u00fcnk, amelyben megtal\u00e1lod a nyomk\u00f6vet\u00e9si sz\u00e1mot is.<\/p><\/div><\/div><\/div><div class=\"ea-card sp-ea-single\"><h3 class=\"ea-header\"><a class=\"collapsed\" id=\"ea-header-1159\" role=\"button\" data-sptoggle=\"spcollapse\" data-sptarget=\"#collapse1159\" aria-controls=\"collapse1159\" href=\"#\" aria-expanded=\"false\" tabindex=\"0\"><i aria-hidden=\"true\" role=\"presentation\" class=\"ea-expand-icon eap-icon-ea-expand-plus\"><\/i> Mi t\u00f6rt\u00e9nik, ha nem vagy otthon a k\u00e9zbes\u00edt\u00e9skor?<\/a><\/h3><div class=\"sp-collapse spcollapse\" id=\"collapse1159\" data-parent=\"#sp-ea-115\" role=\"region\" aria-labelledby=\"ea-header-1159\"> <div class=\"ea-body\"><p>A fut\u00e1rszolg\u00e1lat \u00faj id\u0151pontot egyeztet veled, vagy \u00e9rtes\u00edt\u00e9st hagy a tov\u00e1bbi teend\u0151kr\u0151l.<\/p><\/div><\/div><\/div><\/div><\/div>","protected":false},"excerpt":{"rendered":"","protected":false},"author":1,"featured_media":0,"parent":0,"menu_order":0,"comment_status":"closed","ping_status":"closed","template":"","meta":{"footnotes":""},"class_list":["post-116","page","type-page","status-publish","hentry"],"_links":{"self":[{"href":"https:\/\/rakosrenata.keriweb.hu\/en\/wp-json\/wp\/v2\/pages\/116","targetHints":{"allow":["GET"]}}],"collection":[{"href":"https:\/\/rakosrenata.keriweb.hu\/en\/wp-json\/wp\/v2\/pages"}],"about":[{"href":"https:\/\/rakosrenata.keriweb.hu\/en\/wp-json\/wp\/v2\/types\/page"}],"author":[{"embeddable":true,"href":"https:\/\/rakosrenata.keriweb.hu\/en\/wp-json\/wp\/v2\/users\/1"}],"replies":[{"embeddable":true,"href":"https:\/\/rakosrenata.keriweb.hu\/en\/wp-json\/wp\/v2\/comments?post=116"}],"version-history":[{"count":1,"href":"https:\/\/rakosrenata.keriweb.hu\/en\/wp-json\/wp\/v2\/pages\/116\/revisions"}],"predecessor-version":[{"id":117,"href":"https:\/\/rakosrenata.keriweb.hu\/en\/wp-json\/wp\/v2\/pages\/116\/revisions\/117"}],"wp:attachment":[{"href":"https:\/\/rakosrenata.keriweb.hu\/en\/wp-json\/wp\/v2\/media?parent=116"}],"curies":[{"name":"wp","href":"https:\/\/api.w.org\/{rel}","templated":true}]}}