{"id":12,"date":"2026-01-27T10:04:34","date_gmt":"2026-01-27T10:04:34","guid":{"rendered":"https:\/\/rakosrenata.keriweb.hu\/?page_id=12"},"modified":"2026-01-27T10:04:34","modified_gmt":"2026-01-27T10:04:34","slug":"elallas_visszakuldes","status":"publish","type":"page","link":"https:\/\/rakosrenata.keriweb.hu\/en\/elallas_visszakuldes\/","title":{"rendered":"Visszat\u00e9r\u00edt\u00e9si \u00e9s visszak\u00fcld\u00e9si szab\u00e1lyzat"},"content":{"rendered":"<p><strong>\u00c1ttekint\u00e9s<\/strong><\/p>\r\n<p>Visszat\u00e9r\u00edt\u00e9si \u00e9s visszak\u00fcld\u00e9si szab\u00e1lyzatunk 30 napig \u00e9rv\u00e9nyes. Ha a v\u00e1s\u00e1rl\u00e1s \u00f3ta 30 nap eltelt, nem tudunk teljes visszat\u00e9r\u00edt\u00e9st vagy cser\u00e9t k\u00edn\u00e1lni.<\/p>\r\n<p>A visszak\u00fcld\u00e9shez a term\u00e9knek haszn\u00e1latlannak \u00e9s ugyanolyan \u00e1llapotban kell lennie, mint ahogyan megkapta. Az eredeti csomagol\u00e1sban is kell lennie.<\/p>\r\n<p>T\u00f6bbf\u00e9le \u00e1rucikk mentes\u00fcl a visszak\u00fcld\u00e9s al\u00f3l. A romland\u00f3 \u00e1ruk, p\u00e9ld\u00e1ul \u00e9lelmiszerek, vir\u00e1gok, \u00fajs\u00e1gok vagy magazinok nem visszak\u00fcldhet\u0151k. Nem fogadunk el intim vagy higi\u00e9niai term\u00e9keket, vesz\u00e9lyes anyagokat, valamint gy\u00fal\u00e9kony folyad\u00e9kokat vagy g\u00e1zokat sem.<\/p>\r\n<p>Tov\u00e1bbi nem visszak\u00fcldhet\u0151 term\u00e9kek:<\/p>\r\n<p>Aj\u00e1nd\u00e9kk\u00e1rty\u00e1k<br \/>Let\u00f6lthet\u0151 szoftverterm\u00e9kek<br \/>Egyes eg\u00e9szs\u00e9g\u00fcgyi \u00e9s test\u00e1pol\u00e1si cikkek<\/p>\r\n<p>A visszak\u00fcld\u00e9shez blokkra vagy v\u00e1s\u00e1rl\u00e1st igazol\u00f3 bizonylatra van sz\u00fcks\u00e9g\u00fcnk.<\/p>\r\n<p>K\u00e9rj\u00fck, ne k\u00fcldje vissza a v\u00e1s\u00e1rl\u00e1st a gy\u00e1rt\u00f3nak.<\/p>\r\n<p><strong>Bizonyos esetekben csak r\u00e9szleges visszat\u00e9r\u00edt\u00e9st biztos\u00edtunk:<\/strong><\/p>\r\n<p>Egy\u00e9rtelm\u0171 haszn\u00e1lati nyomokat mutat\u00f3 k\u00f6nyv<br \/>CD, DVD, VHS kazetta, szoftver, videoj\u00e1t\u00e9k, kazetta vagy bakelitlemez, amelyet felbontottak.<br \/>B\u00e1rmely olyan term\u00e9k, amely nincs eredeti \u00e1llapot\u00e1ban, s\u00e9r\u00fclt vagy hi\u00e1nyos alkatr\u00e9szekkel rendelkezik, \u00e9s amely nem a mi hib\u00e1nkb\u00f3l ered.<br \/>B\u00e1rmely olyan term\u00e9k, amelyet a k\u00e9zbes\u00edt\u00e9st k\u00f6vet\u0151 30 napon t\u00fal k\u00fcldenek vissza.<\/p>\r\n<p><strong>Visszat\u00e9r\u00edt\u00e9sek<\/strong><\/p>\r\n<p>Miut\u00e1n megkaptuk \u00e9s megvizsg\u00e1ltuk a visszak\u00fcld\u00f6tt term\u00e9ket, e-mailben \u00e9rtes\u00edtj\u00fck, hogy megkaptuk a visszak\u00fcld\u00f6tt term\u00e9ket. \u00c9rtes\u00edtj\u00fck a visszat\u00e9r\u00edt\u00e9s j\u00f3v\u00e1hagy\u00e1s\u00e1r\u00f3l vagy elutas\u00edt\u00e1s\u00e1r\u00f3l is.<\/p>\r\n<p>Ha j\u00f3v\u00e1hagyj\u00e1k, akkor a visszat\u00e9r\u00edt\u00e9st feldolgozzuk, \u00e9s a j\u00f3v\u00e1\u00edr\u00e1s automatikusan megt\u00f6rt\u00e9nik a hitelk\u00e1rty\u00e1j\u00e1n vagy az eredeti fizet\u00e9si m\u00f3dj\u00e1n, bizonyos napon bel\u00fcl.<\/p>\r\n<p><strong>K\u00e9s\u0151i vagy hi\u00e1nyz\u00f3 visszat\u00e9r\u00edt\u00e9sek<\/strong><\/p>\r\n<p>Ha m\u00e9g nem kapott visszat\u00e9r\u00edt\u00e9st, el\u0151sz\u00f6r ellen\u0151rizze \u00fajra banksz\u00e1ml\u00e1j\u00e1t.<\/p>\r\n<p>Ezut\u00e1n vegye fel a kapcsolatot a hitelk\u00e1rtya-t\u00e1rsas\u00e1g\u00e1val, eltarthat egy ideig, am\u00edg a visszat\u00e9r\u00edt\u00e9s hivatalosan j\u00f3v\u00e1\u00edr\u00e1sra ker\u00fcl.<\/p>\r\n<p>Ezut\u00e1n vegye fel a kapcsolatot a bankj\u00e1val. Gyakran van n\u00e9mi feldolgoz\u00e1si id\u0151, miel\u0151tt a visszat\u00e9r\u00edt\u00e9st j\u00f3v\u00e1\u00edrj\u00e1k.<\/p>\r\n<p>Ha mindezt megtette, \u00e9s m\u00e9g mindig nem kapta meg a visszat\u00e9r\u00edt\u00e9st, k\u00e9rj\u00fck, vegye fel vel\u00fcnk a kapcsolatot a {email address} c\u00edmen.<\/p>\r\n<p><strong>Akci\u00f3s term\u00e9kek<\/strong><\/p>\r\n<p>Csak a norm\u00e1l \u00e1r\u00fa term\u00e9kek visszat\u00e9r\u00edt\u00e9s\u00e9re van lehet\u0151s\u00e9g. Az akci\u00f3s term\u00e9kekre nem \u00e1ll m\u00f3dunkban visszat\u00e9r\u00edt\u00e9st biztos\u00edtani.<\/p>\r\n<p><strong>Csere<\/strong><\/p>\r\n<p>Csak akkor cser\u00e9lj\u00fck ki a term\u00e9keket, ha hib\u00e1sak vagy s\u00e9r\u00fcltek. Ha ugyanarra a term\u00e9kre szeretn\u00e9d cser\u00e9lni, k\u00fcldj nek\u00fcnk egy e-mailt a {email address} c\u00edmre, \u00e9s k\u00fcldd el a term\u00e9ket a k\u00f6vetkez\u0151 c\u00edmre: {physical address}.<\/p>\r\n<p>&nbsp;<\/p>\r\n<p><strong>Visszak\u00fcld\u00e9s sz\u00e1ll\u00edt\u00e1sa<\/strong><\/p>\r\n<p>A term\u00e9k visszak\u00fcld\u00e9s\u00e9hez a k\u00f6vetkez\u0151 c\u00edmre kell post\u00e1znia a term\u00e9ket: {fizikai c\u00edm}.<\/p>\r\n<p>A term\u00e9k visszak\u00fcld\u00e9s\u00e9nek sz\u00e1ll\u00edt\u00e1si k\u00f6lts\u00e9geit \u00d6n viseli. A sz\u00e1ll\u00edt\u00e1si k\u00f6lts\u00e9gek nem visszat\u00e9r\u00edthet\u0151k. Visszat\u00e9r\u00edt\u00e9s eset\u00e9n a visszak\u00fcld\u00e9s k\u00f6lts\u00e9ge levon\u00e1sra ker\u00fcl a visszat\u00e9r\u00edt\u00e9sb\u0151l.<\/p>\r\n<p>A kicser\u00e9lt term\u00e9k meg\u00e9rkez\u00e9s\u00e9nek id\u0151tartama a lak\u00f3hely\u00e9t\u0151l f\u00fcgg\u0151en v\u00e1ltozhat.<\/p>\r\n<p>Ha dr\u00e1g\u00e1bb term\u00e9keket k\u00fcld vissza, \u00e9rdemes lehet nyomon k\u00f6vethet\u0151 sz\u00e1ll\u00edt\u00e1si szolg\u00e1ltat\u00e1st ig\u00e9nybe vennie, vagy sz\u00e1ll\u00edt\u00e1si biztos\u00edt\u00e1st k\u00f6tnie. Nem garant\u00e1ljuk, hogy megkapjuk a visszak\u00fcld\u00f6tt term\u00e9ket.<\/p>\r\n<p>Seg\u00edts\u00e9gre van sz\u00fcks\u00e9ge?<\/p>\r\n<p>A visszat\u00e9r\u00edt\u00e9ssel \u00e9s visszak\u00fcld\u00e9ssel kapcsolatos k\u00e9rd\u00e9seivel forduljon hozz\u00e1nk a {email}<\/p>","protected":false},"excerpt":{"rendered":"<p>\u00c1ttekint\u00e9s Visszat\u00e9r\u00edt\u00e9si \u00e9s visszak\u00fcld\u00e9si szab\u00e1lyzatunk 30 napig \u00e9rv\u00e9nyes. Ha a v\u00e1s\u00e1rl\u00e1s \u00f3ta 30 nap eltelt, nem tudunk teljes visszat\u00e9r\u00edt\u00e9st vagy cser\u00e9t k\u00edn\u00e1lni. A visszak\u00fcld\u00e9shez a term\u00e9knek haszn\u00e1latlannak \u00e9s ugyanolyan \u00e1llapotban kell lennie, mint ahogyan megkapta. Az eredeti csomagol\u00e1sban is kell lennie. T\u00f6bbf\u00e9le \u00e1rucikk mentes\u00fcl a visszak\u00fcld\u00e9s al\u00f3l. A romland\u00f3 \u00e1ruk, p\u00e9ld\u00e1ul \u00e9lelmiszerek, vir\u00e1gok, \u00fajs\u00e1gok vagy [&hellip;]<\/p>\n","protected":false},"author":1,"featured_media":0,"parent":0,"menu_order":0,"comment_status":"closed","ping_status":"closed","template":"","meta":{"footnotes":""},"class_list":["post-12","page","type-page","status-publish","hentry"],"yoast_head":"<!-- This site is optimized with the Yoast SEO plugin v27.4 - https:\/\/yoast.com\/product\/yoast-seo-wordpress\/ -->\n<title>Visszat\u00e9r\u00edt\u00e9si \u00e9s visszak\u00fcld\u00e9si szab\u00e1lyzat - Gy\u00e9m\u00e1ntszemes kirak\u00f3<\/title>\n<meta name=\"robots\" content=\"index, follow, max-snippet:-1, max-image-preview:large, max-video-preview:-1\" \/>\n<link rel=\"canonical\" href=\"https:\/\/rakosrenata.keriweb.hu\/en\/elallas_visszakuldes\/\" \/>\n<meta property=\"og:locale\" content=\"en_US\" \/>\n<meta property=\"og:type\" content=\"article\" \/>\n<meta property=\"og:title\" content=\"Visszat\u00e9r\u00edt\u00e9si \u00e9s visszak\u00fcld\u00e9si szab\u00e1lyzat - Gy\u00e9m\u00e1ntszemes kirak\u00f3\" \/>\n<meta property=\"og:description\" content=\"\u00c1ttekint\u00e9s Visszat\u00e9r\u00edt\u00e9si \u00e9s visszak\u00fcld\u00e9si szab\u00e1lyzatunk 30 napig \u00e9rv\u00e9nyes. Ha a v\u00e1s\u00e1rl\u00e1s \u00f3ta 30 nap eltelt, nem tudunk teljes visszat\u00e9r\u00edt\u00e9st vagy cser\u00e9t k\u00edn\u00e1lni. A visszak\u00fcld\u00e9shez a term\u00e9knek haszn\u00e1latlannak \u00e9s ugyanolyan \u00e1llapotban kell lennie, mint ahogyan megkapta. Az eredeti csomagol\u00e1sban is kell lennie. T\u00f6bbf\u00e9le \u00e1rucikk mentes\u00fcl a visszak\u00fcld\u00e9s al\u00f3l. A romland\u00f3 \u00e1ruk, p\u00e9ld\u00e1ul \u00e9lelmiszerek, vir\u00e1gok, \u00fajs\u00e1gok vagy [&hellip;]\" \/>\n<meta property=\"og:url\" content=\"https:\/\/rakosrenata.keriweb.hu\/en\/elallas_visszakuldes\/\" \/>\n<meta property=\"og:site_name\" content=\"Gy\u00e9m\u00e1ntszemes kirak\u00f3\" \/>\n<meta name=\"twitter:card\" content=\"summary_large_image\" \/>\n<meta name=\"twitter:label1\" content=\"Est. reading time\" \/>\n\t<meta name=\"twitter:data1\" content=\"4 minutes\" \/>\n<script type=\"application\/ld+json\" class=\"yoast-schema-graph\">{\"@context\":\"https:\\\/\\\/schema.org\",\"@graph\":[{\"@type\":\"WebPage\",\"@id\":\"https:\\\/\\\/rakosrenata.keriweb.hu\\\/elallas_visszakuldes\\\/\",\"url\":\"https:\\\/\\\/rakosrenata.keriweb.hu\\\/elallas_visszakuldes\\\/\",\"name\":\"Visszat\u00e9r\u00edt\u00e9si \u00e9s visszak\u00fcld\u00e9si szab\u00e1lyzat - Gy\u00e9m\u00e1ntszemes kirak\u00f3\",\"isPartOf\":{\"@id\":\"https:\\\/\\\/rakosrenata.keriweb.hu\\\/#website\"},\"datePublished\":\"2026-01-27T10:04:34+00:00\",\"breadcrumb\":{\"@id\":\"https:\\\/\\\/rakosrenata.keriweb.hu\\\/elallas_visszakuldes\\\/#breadcrumb\"},\"inLanguage\":\"en-US\",\"potentialAction\":[{\"@type\":\"ReadAction\",\"target\":[\"https:\\\/\\\/rakosrenata.keriweb.hu\\\/elallas_visszakuldes\\\/\"]}]},{\"@type\":\"BreadcrumbList\",\"@id\":\"https:\\\/\\\/rakosrenata.keriweb.hu\\\/elallas_visszakuldes\\\/#breadcrumb\",\"itemListElement\":[{\"@type\":\"ListItem\",\"position\":1,\"name\":\"Kezd\u0151lap\",\"item\":\"https:\\\/\\\/rakosrenata.keriweb.hu\\\/\"},{\"@type\":\"ListItem\",\"position\":2,\"name\":\"Visszat\u00e9r\u00edt\u00e9si \u00e9s visszak\u00fcld\u00e9si szab\u00e1lyzat\"}]},{\"@type\":\"WebSite\",\"@id\":\"https:\\\/\\\/rakosrenata.keriweb.hu\\\/#website\",\"url\":\"https:\\\/\\\/rakosrenata.keriweb.hu\\\/\",\"name\":\"Gy\u00e9m\u00e1ntszemes kirak\u00f3\",\"description\":\"Ez egy tanul\u00f3i oldal. NEM LEHET V\u00c1S\u00c1ROLNI!!\",\"publisher\":{\"@id\":\"https:\\\/\\\/rakosrenata.keriweb.hu\\\/#organization\"},\"potentialAction\":[{\"@type\":\"SearchAction\",\"target\":{\"@type\":\"EntryPoint\",\"urlTemplate\":\"https:\\\/\\\/rakosrenata.keriweb.hu\\\/?s={search_term_string}\"},\"query-input\":{\"@type\":\"PropertyValueSpecification\",\"valueRequired\":true,\"valueName\":\"search_term_string\"}}],\"inLanguage\":\"en-US\"},{\"@type\":\"Organization\",\"@id\":\"https:\\\/\\\/rakosrenata.keriweb.hu\\\/#organization\",\"name\":\"Gy\u00e9m\u00e1ntszemes kirak\u00f3\",\"url\":\"https:\\\/\\\/rakosrenata.keriweb.hu\\\/\",\"logo\":{\"@type\":\"ImageObject\",\"inLanguage\":\"en-US\",\"@id\":\"https:\\\/\\\/rakosrenata.keriweb.hu\\\/#\\\/schema\\\/logo\\\/image\\\/\",\"url\":\"https:\\\/\\\/rakosrenata.keriweb.hu\\\/wp-content\\\/uploads\\\/2025\\\/10\\\/Gyemant-e1771575330518.png\",\"contentUrl\":\"https:\\\/\\\/rakosrenata.keriweb.hu\\\/wp-content\\\/uploads\\\/2025\\\/10\\\/Gyemant-e1771575330518.png\",\"width\":820,\"height\":812,\"caption\":\"Gy\u00e9m\u00e1ntszemes kirak\u00f3\"},\"image\":{\"@id\":\"https:\\\/\\\/rakosrenata.keriweb.hu\\\/#\\\/schema\\\/logo\\\/image\\\/\"}}]}<\/script>\n<!-- \/ Yoast SEO plugin. -->","yoast_head_json":{"title":"Visszat\u00e9r\u00edt\u00e9si \u00e9s visszak\u00fcld\u00e9si szab\u00e1lyzat - Gy\u00e9m\u00e1ntszemes kirak\u00f3","robots":{"index":"index","follow":"follow","max-snippet":"max-snippet:-1","max-image-preview":"max-image-preview:large","max-video-preview":"max-video-preview:-1"},"canonical":"https:\/\/rakosrenata.keriweb.hu\/en\/elallas_visszakuldes\/","og_locale":"en_US","og_type":"article","og_title":"Visszat\u00e9r\u00edt\u00e9si \u00e9s visszak\u00fcld\u00e9si szab\u00e1lyzat - Gy\u00e9m\u00e1ntszemes kirak\u00f3","og_description":"\u00c1ttekint\u00e9s Visszat\u00e9r\u00edt\u00e9si \u00e9s visszak\u00fcld\u00e9si szab\u00e1lyzatunk 30 napig \u00e9rv\u00e9nyes. Ha a v\u00e1s\u00e1rl\u00e1s \u00f3ta 30 nap eltelt, nem tudunk teljes visszat\u00e9r\u00edt\u00e9st vagy cser\u00e9t k\u00edn\u00e1lni. A visszak\u00fcld\u00e9shez a term\u00e9knek haszn\u00e1latlannak \u00e9s ugyanolyan \u00e1llapotban kell lennie, mint ahogyan megkapta. Az eredeti csomagol\u00e1sban is kell lennie. T\u00f6bbf\u00e9le \u00e1rucikk mentes\u00fcl a visszak\u00fcld\u00e9s al\u00f3l. A romland\u00f3 \u00e1ruk, p\u00e9ld\u00e1ul \u00e9lelmiszerek, vir\u00e1gok, \u00fajs\u00e1gok vagy [&hellip;]","og_url":"https:\/\/rakosrenata.keriweb.hu\/en\/elallas_visszakuldes\/","og_site_name":"Gy\u00e9m\u00e1ntszemes kirak\u00f3","twitter_card":"summary_large_image","twitter_misc":{"Est. reading time":"4 minutes"},"schema":{"@context":"https:\/\/schema.org","@graph":[{"@type":"WebPage","@id":"https:\/\/rakosrenata.keriweb.hu\/elallas_visszakuldes\/","url":"https:\/\/rakosrenata.keriweb.hu\/elallas_visszakuldes\/","name":"Visszat\u00e9r\u00edt\u00e9si \u00e9s visszak\u00fcld\u00e9si szab\u00e1lyzat - Gy\u00e9m\u00e1ntszemes kirak\u00f3","isPartOf":{"@id":"https:\/\/rakosrenata.keriweb.hu\/#website"},"datePublished":"2026-01-27T10:04:34+00:00","breadcrumb":{"@id":"https:\/\/rakosrenata.keriweb.hu\/elallas_visszakuldes\/#breadcrumb"},"inLanguage":"en-US","potentialAction":[{"@type":"ReadAction","target":["https:\/\/rakosrenata.keriweb.hu\/elallas_visszakuldes\/"]}]},{"@type":"BreadcrumbList","@id":"https:\/\/rakosrenata.keriweb.hu\/elallas_visszakuldes\/#breadcrumb","itemListElement":[{"@type":"ListItem","position":1,"name":"Kezd\u0151lap","item":"https:\/\/rakosrenata.keriweb.hu\/"},{"@type":"ListItem","position":2,"name":"Visszat\u00e9r\u00edt\u00e9si \u00e9s visszak\u00fcld\u00e9si szab\u00e1lyzat"}]},{"@type":"WebSite","@id":"https:\/\/rakosrenata.keriweb.hu\/#website","url":"https:\/\/rakosrenata.keriweb.hu\/","name":"Gy\u00e9m\u00e1ntszemes kirak\u00f3","description":"Ez egy tanul\u00f3i oldal. NEM LEHET V\u00c1S\u00c1ROLNI!!","publisher":{"@id":"https:\/\/rakosrenata.keriweb.hu\/#organization"},"potentialAction":[{"@type":"SearchAction","target":{"@type":"EntryPoint","urlTemplate":"https:\/\/rakosrenata.keriweb.hu\/?s={search_term_string}"},"query-input":{"@type":"PropertyValueSpecification","valueRequired":true,"valueName":"search_term_string"}}],"inLanguage":"en-US"},{"@type":"Organization","@id":"https:\/\/rakosrenata.keriweb.hu\/#organization","name":"Gy\u00e9m\u00e1ntszemes kirak\u00f3","url":"https:\/\/rakosrenata.keriweb.hu\/","logo":{"@type":"ImageObject","inLanguage":"en-US","@id":"https:\/\/rakosrenata.keriweb.hu\/#\/schema\/logo\/image\/","url":"https:\/\/rakosrenata.keriweb.hu\/wp-content\/uploads\/2025\/10\/Gyemant-e1771575330518.png","contentUrl":"https:\/\/rakosrenata.keriweb.hu\/wp-content\/uploads\/2025\/10\/Gyemant-e1771575330518.png","width":820,"height":812,"caption":"Gy\u00e9m\u00e1ntszemes kirak\u00f3"},"image":{"@id":"https:\/\/rakosrenata.keriweb.hu\/#\/schema\/logo\/image\/"}}]}},"_links":{"self":[{"href":"https:\/\/rakosrenata.keriweb.hu\/en\/wp-json\/wp\/v2\/pages\/12","targetHints":{"allow":["GET"]}}],"collection":[{"href":"https:\/\/rakosrenata.keriweb.hu\/en\/wp-json\/wp\/v2\/pages"}],"about":[{"href":"https:\/\/rakosrenata.keriweb.hu\/en\/wp-json\/wp\/v2\/types\/page"}],"author":[{"embeddable":true,"href":"https:\/\/rakosrenata.keriweb.hu\/en\/wp-json\/wp\/v2\/users\/1"}],"replies":[{"embeddable":true,"href":"https:\/\/rakosrenata.keriweb.hu\/en\/wp-json\/wp\/v2\/comments?post=12"}],"version-history":[{"count":1,"href":"https:\/\/rakosrenata.keriweb.hu\/en\/wp-json\/wp\/v2\/pages\/12\/revisions"}],"predecessor-version":[{"id":125,"href":"https:\/\/rakosrenata.keriweb.hu\/en\/wp-json\/wp\/v2\/pages\/12\/revisions\/125"}],"wp:attachment":[{"href":"https:\/\/rakosrenata.keriweb.hu\/en\/wp-json\/wp\/v2\/media?parent=12"}],"curies":[{"name":"wp","href":"https:\/\/api.w.org\/{rel}","templated":true}]}}