{"id":9,"date":"2025-10-14T08:41:31","date_gmt":"2025-10-14T08:41:31","guid":{"rendered":"https:\/\/rakosrenata.keriweb.hu\/kosar\/"},"modified":"2025-11-03T09:05:02","modified_gmt":"2025-11-03T09:05:02","slug":"kosar","status":"publish","type":"page","link":"https:\/\/rakosrenata.keriweb.hu\/en\/kosar\/","title":{"rendered":"Basket"},"content":{"rendered":"<div data-block-name=\"woocommerce\/cart\" class=\"wp-block-woocommerce-cart alignwide is-loading\">\n<div data-block-name=\"woocommerce\/filled-cart-block\" class=\"wp-block-woocommerce-filled-cart-block\">\n<div data-block-name=\"woocommerce\/cart-items-block\" class=\"wp-block-woocommerce-cart-items-block\">\n<div data-block-name=\"woocommerce\/cart-line-items-block\" class=\"wp-block-woocommerce-cart-line-items-block\"><\/div>\n\n\n<\/div>\n\n\n\n\n<div data-block-name=\"woocommerce\/cart-totals-block\" class=\"wp-block-woocommerce-cart-totals-block\">\n<div data-block-name=\"woocommerce\/cart-order-summary-block\" class=\"wp-block-woocommerce-cart-order-summary-block\">\n<div data-block-name=\"woocommerce\/cart-order-summary-heading-block\" class=\"wp-block-woocommerce-cart-order-summary-heading-block\"><\/div><div data-block-name=\"woocommerce\/cart-order-summary-coupon-form-block\" class=\"wp-block-woocommerce-cart-order-summary-coupon-form-block\"><\/div><div data-block-name=\"woocommerce\/cart-order-summary-totals-block\" class=\"wp-block-woocommerce-cart-order-summary-totals-block\">\n<div data-block-name=\"woocommerce\/cart-order-summary-subtotal-block\" class=\"wp-block-woocommerce-cart-order-summary-subtotal-block\"><\/div>\n<div data-block-name=\"woocommerce\/cart-order-summary-discount-block\" class=\"wp-block-woocommerce-cart-order-summary-discount-block\"><\/div>\n<div data-block-name=\"woocommerce\/cart-order-summary-fee-block\" class=\"wp-block-woocommerce-cart-order-summary-fee-block\"><\/div>\n<div data-block-name=\"woocommerce\/cart-order-summary-shipping-block\" class=\"wp-block-woocommerce-cart-order-summary-shipping-block\"><\/div>\n<div data-block-name=\"woocommerce\/cart-order-summary-taxes-block\" class=\"wp-block-woocommerce-cart-order-summary-taxes-block\"><\/div><\/div>\n<\/div>\n\n\n\n<div data-block-name=\"woocommerce\/cart-express-payment-block\" class=\"wp-block-woocommerce-cart-express-payment-block\"><\/div>\n\n\n\n<div data-block-name=\"woocommerce\/proceed-to-checkout-block\" class=\"wp-block-woocommerce-proceed-to-checkout-block\"><\/div>\n\n\n\n<div data-block-name=\"woocommerce\/cart-accepted-payment-methods-block\" class=\"wp-block-woocommerce-cart-accepted-payment-methods-block\"><\/div>\n<\/div>\n<\/div>\n\n\n\n<div data-block-name=\"woocommerce\/empty-cart-block\" class=\"wp-block-woocommerce-empty-cart-block\">\n<h2 class=\"wp-block-heading has-text-align-center with-empty-cart-icon wc-block-cart__empty-cart__title\">Jelenleg \u00fcres a kosarad.<\/h2>\n\n\n\n<hr class=\"wp-block-separator has-alpha-channel-opacity is-style-dots\"\/>\n\n\n\n<h2 class=\"wp-block-heading has-text-align-center\">\u00dajdons\u00e1gok<\/h2>\n\n\n<div data-block-name=\"woocommerce\/product-new\" data-columns=\"4\" data-rows=\"1\" class=\"wc-block-grid wp-block-product-new wp-block-woocommerce-product-new wc-block-product-new has-4-columns\"><ul class=\"wc-block-grid__products\"><li class=\"wc-block-grid__product\">\n\t\t\t\t<a href=\"https:\/\/rakosrenata.keriweb.hu\/en\/product\/bovitheto-fejes-toll-gyemantszemes-kirakohoz-tobb-szinben\/\" class=\"wc-block-grid__product-link\">\n\t\t\t\t\t\n\t\t\t\t\t<div class=\"wc-block-grid__product-image\"><img fetchpriority=\"high\" decoding=\"async\" width=\"300\" height=\"300\" src=\"https:\/\/rakosrenata.keriweb.hu\/wp-content\/uploads\/2026\/03\/cserelheto-fejes-toll-300x300.webp\" class=\"attachment-woocommerce_thumbnail size-woocommerce_thumbnail\" alt=\"B\u0151v\u00edthet\u0151 fejes toll gy\u00e9m\u00e1ntszemes kirak\u00f3hoz t\u00f6bb sz\u00ednben\" srcset=\"https:\/\/rakosrenata.keriweb.hu\/wp-content\/uploads\/2026\/03\/cserelheto-fejes-toll-300x300.webp 300w, https:\/\/rakosrenata.keriweb.hu\/wp-content\/uploads\/2026\/03\/cserelheto-fejes-toll-150x150.webp 150w, https:\/\/rakosrenata.keriweb.hu\/wp-content\/uploads\/2026\/03\/cserelheto-fejes-toll-768x768.webp 768w, https:\/\/rakosrenata.keriweb.hu\/wp-content\/uploads\/2026\/03\/cserelheto-fejes-toll-12x12.webp 12w, https:\/\/rakosrenata.keriweb.hu\/wp-content\/uploads\/2026\/03\/cserelheto-fejes-toll-350x350.webp 350w, https:\/\/rakosrenata.keriweb.hu\/wp-content\/uploads\/2026\/03\/cserelheto-fejes-toll-600x600.webp 600w, https:\/\/rakosrenata.keriweb.hu\/wp-content\/uploads\/2026\/03\/cserelheto-fejes-toll-100x100.webp 100w, https:\/\/rakosrenata.keriweb.hu\/wp-content\/uploads\/2026\/03\/cserelheto-fejes-toll.webp 800w\" sizes=\"(max-width: 300px) 100vw, 300px\" \/><\/div>\n\t\t\t\t\t<div class=\"wc-block-grid__product-title\">B\u0151v\u00edthet\u0151 fejes toll gy\u00e9m\u00e1ntszemes kirak\u00f3hoz t\u00f6bb sz\u00ednben<\/div>\n\t\t\t\t<\/a>\n\t\t\t\t<div class=\"wc-block-grid__product-price price\"><span class=\"woocommerce-Price-amount amount\">1 899,00&nbsp;<span class=\"woocommerce-Price-currencySymbol\">&#070;&#116;<\/span><\/span><\/div>\n\t\t\t\t\n\t\t\t\t<div class=\"wp-block-button wc-block-grid__product-add-to-cart\"><a href=\"https:\/\/rakosrenata.keriweb.hu\/en\/product\/bovitheto-fejes-toll-gyemantszemes-kirakohoz-tobb-szinben\/\" aria-label=\"Select options for \u201cB\u0151v\u00edthet\u0151 fejes toll gy\u00e9m\u00e1ntszemes kirak\u00f3hoz t\u00f6bb sz\u00ednben\u201d\" data-quantity=\"1\" data-product_id=\"322\" data-product_sku=\"\" data-price=\"1899\" rel=\"nofollow\" class=\"wp-block-button__link  add_to_cart_button\" data-no-translation=\"\" data-trp-gettext=\"\" data-no-translation-aria-label=\"\">Select options<\/a><\/div>\n\t\t\t<\/li><li class=\"wc-block-grid__product\">\n\t\t\t\t<a href=\"https:\/\/rakosrenata.keriweb.hu\/en\/product\/gyanta-szeru-ragacsos-anyag\/\" class=\"wc-block-grid__product-link\">\n\t\t\t\t\t\n\t\t\t\t\t<div class=\"wc-block-grid__product-image\"><img decoding=\"async\" width=\"300\" height=\"300\" src=\"https:\/\/rakosrenata.keriweb.hu\/wp-content\/uploads\/2026\/03\/Gyanta-300x300.webp\" class=\"attachment-woocommerce_thumbnail size-woocommerce_thumbnail\" alt=\"Gyanta szer\u0171 ragacsos anyag\" srcset=\"https:\/\/rakosrenata.keriweb.hu\/wp-content\/uploads\/2026\/03\/Gyanta-300x300.webp 300w, https:\/\/rakosrenata.keriweb.hu\/wp-content\/uploads\/2026\/03\/Gyanta-150x150.webp 150w, https:\/\/rakosrenata.keriweb.hu\/wp-content\/uploads\/2026\/03\/Gyanta-768x768.webp 768w, https:\/\/rakosrenata.keriweb.hu\/wp-content\/uploads\/2026\/03\/Gyanta-12x12.webp 12w, https:\/\/rakosrenata.keriweb.hu\/wp-content\/uploads\/2026\/03\/Gyanta-350x350.webp 350w, https:\/\/rakosrenata.keriweb.hu\/wp-content\/uploads\/2026\/03\/Gyanta-600x600.webp 600w, https:\/\/rakosrenata.keriweb.hu\/wp-content\/uploads\/2026\/03\/Gyanta-100x100.webp 100w, https:\/\/rakosrenata.keriweb.hu\/wp-content\/uploads\/2026\/03\/Gyanta.webp 1000w\" sizes=\"(max-width: 300px) 100vw, 300px\" \/><\/div>\n\t\t\t\t\t<div class=\"wc-block-grid__product-title\">Gyanta szer\u0171 ragacsos anyag<\/div>\n\t\t\t\t<\/a>\n\t\t\t\t<div class=\"wc-block-grid__product-price price\"><span class=\"woocommerce-Price-amount amount\">150,00&nbsp;<span class=\"woocommerce-Price-currencySymbol\">&#070;&#116;<\/span><\/span><\/div>\n\t\t\t\t\n\t\t\t\t<div class=\"wp-block-button wc-block-grid__product-add-to-cart\"><a href=\"\/en\/wp-json\/wp\/v2\/pages\/9?add-to-cart=320\" aria-label=\"Add to cart: \u201cGyanta szer\u0171 ragacsos anyag\u201d\" data-quantity=\"1\" data-product_id=\"320\" data-product_sku=\"\" data-price=\"150\" rel=\"nofollow\" class=\"wp-block-button__link  add_to_cart_button ajax_add_to_cart\" data-no-translation=\"\" data-trp-gettext=\"\" data-no-translation-aria-label=\"\">Add to cart<\/a><\/div>\n\t\t\t<\/li><li class=\"wc-block-grid__product\">\n\t\t\t\t<a href=\"https:\/\/rakosrenata.keriweb.hu\/en\/product\/6-es-9-szemes-gyemantszem-applikator\/\" class=\"wc-block-grid__product-link\">\n\t\t\t\t\t\n\t\t\t\t\t<div class=\"wc-block-grid__product-image\"><img decoding=\"async\" width=\"300\" height=\"300\" src=\"https:\/\/rakosrenata.keriweb.hu\/wp-content\/uploads\/2026\/03\/gyemantszem-applikator-300x300.webp\" class=\"attachment-woocommerce_thumbnail size-woocommerce_thumbnail\" alt=\"6 \u00e9s 9 szemes gy\u00e9m\u00e1ntszem applik\u00e1tor\" srcset=\"https:\/\/rakosrenata.keriweb.hu\/wp-content\/uploads\/2026\/03\/gyemantszem-applikator-300x300.webp 300w, https:\/\/rakosrenata.keriweb.hu\/wp-content\/uploads\/2026\/03\/gyemantszem-applikator-150x150.webp 150w, https:\/\/rakosrenata.keriweb.hu\/wp-content\/uploads\/2026\/03\/gyemantszem-applikator-768x768.webp 768w, https:\/\/rakosrenata.keriweb.hu\/wp-content\/uploads\/2026\/03\/gyemantszem-applikator-12x12.webp 12w, https:\/\/rakosrenata.keriweb.hu\/wp-content\/uploads\/2026\/03\/gyemantszem-applikator-350x350.webp 350w, https:\/\/rakosrenata.keriweb.hu\/wp-content\/uploads\/2026\/03\/gyemantszem-applikator-600x600.webp 600w, https:\/\/rakosrenata.keriweb.hu\/wp-content\/uploads\/2026\/03\/gyemantszem-applikator-100x100.webp 100w, https:\/\/rakosrenata.keriweb.hu\/wp-content\/uploads\/2026\/03\/gyemantszem-applikator.webp 1000w\" sizes=\"(max-width: 300px) 100vw, 300px\" \/><\/div>\n\t\t\t\t\t<div class=\"wc-block-grid__product-title\">6 \u00e9s 9 szemes gy\u00e9m\u00e1ntszem applik\u00e1tor<\/div>\n\t\t\t\t<\/a>\n\t\t\t\t<div class=\"wc-block-grid__product-price price\"><span class=\"woocommerce-Price-amount amount\">399,00&nbsp;<span class=\"woocommerce-Price-currencySymbol\">&#070;&#116;<\/span><\/span><\/div>\n\t\t\t\t\n\t\t\t\t<div class=\"wp-block-button wc-block-grid__product-add-to-cart\"><a href=\"\/en\/wp-json\/wp\/v2\/pages\/9?add-to-cart=318\" aria-label=\"Add to cart: \u201c6 \u00e9s 9 szemes gy\u00e9m\u00e1ntszem applik\u00e1tor\u201d\" data-quantity=\"1\" data-product_id=\"318\" data-product_sku=\"\" data-price=\"399\" rel=\"nofollow\" class=\"wp-block-button__link  add_to_cart_button ajax_add_to_cart\" data-no-translation=\"\" data-trp-gettext=\"\" data-no-translation-aria-label=\"\">Add to cart<\/a><\/div>\n\t\t\t<\/li><li class=\"wc-block-grid__product\">\n\t\t\t\t<a href=\"https:\/\/rakosrenata.keriweb.hu\/en\/product\/negyzet-alaku-talcak\/\" class=\"wc-block-grid__product-link\">\n\t\t\t\t\t\n\t\t\t\t\t<div class=\"wc-block-grid__product-image\"><img loading=\"lazy\" decoding=\"async\" width=\"300\" height=\"300\" src=\"https:\/\/rakosrenata.keriweb.hu\/wp-content\/uploads\/2026\/03\/talca-300x300.webp\" class=\"attachment-woocommerce_thumbnail size-woocommerce_thumbnail\" alt=\"N\u00e9gyzet alak\u00fa t\u00e1lc\u00e1k\" srcset=\"https:\/\/rakosrenata.keriweb.hu\/wp-content\/uploads\/2026\/03\/talca-300x300.webp 300w, https:\/\/rakosrenata.keriweb.hu\/wp-content\/uploads\/2026\/03\/talca-150x150.webp 150w, https:\/\/rakosrenata.keriweb.hu\/wp-content\/uploads\/2026\/03\/talca-768x768.webp 768w, https:\/\/rakosrenata.keriweb.hu\/wp-content\/uploads\/2026\/03\/talca-12x12.webp 12w, https:\/\/rakosrenata.keriweb.hu\/wp-content\/uploads\/2026\/03\/talca-350x350.webp 350w, https:\/\/rakosrenata.keriweb.hu\/wp-content\/uploads\/2026\/03\/talca-600x600.webp 600w, https:\/\/rakosrenata.keriweb.hu\/wp-content\/uploads\/2026\/03\/talca-100x100.webp 100w, https:\/\/rakosrenata.keriweb.hu\/wp-content\/uploads\/2026\/03\/talca.webp 1000w\" sizes=\"(max-width: 300px) 100vw, 300px\" \/><\/div>\n\t\t\t\t\t<div class=\"wc-block-grid__product-title\">N\u00e9gyzet alak\u00fa t\u00e1lc\u00e1k<\/div>\n\t\t\t\t<\/a>\n\t\t\t\t<div class=\"wc-block-grid__product-price price\"><span class=\"woocommerce-Price-amount amount\">1 799,00&nbsp;<span class=\"woocommerce-Price-currencySymbol\">&#070;&#116;<\/span><\/span><\/div>\n\t\t\t\t\n\t\t\t\t<div class=\"wp-block-button wc-block-grid__product-add-to-cart\"><a href=\"\/en\/wp-json\/wp\/v2\/pages\/9?add-to-cart=316\" aria-label=\"Add to cart: \u201cN\u00e9gyzet alak\u00fa t\u00e1lc\u00e1k\u201d\" data-quantity=\"1\" data-product_id=\"316\" data-product_sku=\"\" data-price=\"1799\" rel=\"nofollow\" class=\"wp-block-button__link  add_to_cart_button ajax_add_to_cart\" data-no-translation=\"\" data-trp-gettext=\"\" data-no-translation-aria-label=\"\">Add to cart<\/a><\/div>\n\t\t\t<\/li><\/ul><\/div><\/div>\n<\/div>","protected":false},"excerpt":{"rendered":"","protected":false},"author":1,"featured_media":0,"parent":0,"menu_order":0,"comment_status":"closed","ping_status":"closed","template":"","meta":{"footnotes":""},"class_list":["post-9","page","type-page","status-publish","hentry"],"_links":{"self":[{"href":"https:\/\/rakosrenata.keriweb.hu\/en\/wp-json\/wp\/v2\/pages\/9","targetHints":{"allow":["GET"]}}],"collection":[{"href":"https:\/\/rakosrenata.keriweb.hu\/en\/wp-json\/wp\/v2\/pages"}],"about":[{"href":"https:\/\/rakosrenata.keriweb.hu\/en\/wp-json\/wp\/v2\/types\/page"}],"author":[{"embeddable":true,"href":"https:\/\/rakosrenata.keriweb.hu\/en\/wp-json\/wp\/v2\/users\/1"}],"replies":[{"embeddable":true,"href":"https:\/\/rakosrenata.keriweb.hu\/en\/wp-json\/wp\/v2\/comments?post=9"}],"version-history":[{"count":1,"href":"https:\/\/rakosrenata.keriweb.hu\/en\/wp-json\/wp\/v2\/pages\/9\/revisions"}],"predecessor-version":[{"id":61,"href":"https:\/\/rakosrenata.keriweb.hu\/en\/wp-json\/wp\/v2\/pages\/9\/revisions\/61"}],"wp:attachment":[{"href":"https:\/\/rakosrenata.keriweb.hu\/en\/wp-json\/wp\/v2\/media?parent=9"}],"curies":[{"name":"wp","href":"https:\/\/api.w.org\/{rel}","templated":true}]}}