{"id":316,"date":"2026-03-25T17:52:15","date_gmt":"2026-03-25T17:52:15","guid":{"rendered":"https:\/\/rakosrenata.keriweb.hu\/?post_type=product&#038;p=316"},"modified":"2026-03-25T17:52:15","modified_gmt":"2026-03-25T17:52:15","slug":"negyzet-alaku-talcak","status":"publish","type":"product","link":"https:\/\/rakosrenata.keriweb.hu\/en\/product\/negyzet-alaku-talcak\/","title":{"rendered":"N\u00e9gyzet alak\u00fa t\u00e1lc\u00e1k"},"content":{"rendered":"","protected":false},"excerpt":{"rendered":"<ul>\n<li>6 rekesz a sz\u00ednek szort\u00edroz\u00e1s\u00e1hoz<\/li>\n<li>Kis ki\u00f6nt\u0151 ny\u00edl\u00e1s a k\u00e9nyelmes visszat\u00f6lt\u00e9shez<\/li>\n<li>Apr\u00f3cska kan\u00e1l a prec\u00edz adagol\u00e1shoz<\/li>\n<li>Kis ecset a rakonc\u00e1tlan gy\u00e9m\u00e1ntszemekhez<\/li>\n<li>Vid\u00e1m pillang\u00f3 forma, ami feldobja a kreat\u00edvkod\u00e1st<\/li>\n<\/ul>\n<p><strong>FIGYELEM! RANDOM SZ\u00cdNBEN SZ\u00c1LL\u00cdTJUK!<\/strong><\/p>","protected":false},"featured_media":317,"comment_status":"open","ping_status":"closed","template":"","meta":[],"product_brand":[],"product_cat":[29],"product_tag":[],"class_list":{"0":"post-316","1":"product","2":"type-product","3":"status-publish","4":"has-post-thumbnail","6":"product_cat-eszkozok","8":"first","9":"instock","10":"taxable","11":"shipping-taxable","12":"purchasable","13":"product-type-simple"},"_links":{"self":[{"href":"https:\/\/rakosrenata.keriweb.hu\/en\/wp-json\/wp\/v2\/product\/316","targetHints":{"allow":["GET"]}}],"collection":[{"href":"https:\/\/rakosrenata.keriweb.hu\/en\/wp-json\/wp\/v2\/product"}],"about":[{"href":"https:\/\/rakosrenata.keriweb.hu\/en\/wp-json\/wp\/v2\/types\/product"}],"replies":[{"embeddable":true,"href":"https:\/\/rakosrenata.keriweb.hu\/en\/wp-json\/wp\/v2\/comments?post=316"}],"wp:featuredmedia":[{"embeddable":true,"href":"https:\/\/rakosrenata.keriweb.hu\/en\/wp-json\/wp\/v2\/media\/317"}],"wp:attachment":[{"href":"https:\/\/rakosrenata.keriweb.hu\/en\/wp-json\/wp\/v2\/media?parent=316"}],"wp:term":[{"taxonomy":"product_brand","embeddable":true,"href":"https:\/\/rakosrenata.keriweb.hu\/en\/wp-json\/wp\/v2\/product_brand?post=316"},{"taxonomy":"product_cat","embeddable":true,"href":"https:\/\/rakosrenata.keriweb.hu\/en\/wp-json\/wp\/v2\/product_cat?post=316"},{"taxonomy":"product_tag","embeddable":true,"href":"https:\/\/rakosrenata.keriweb.hu\/en\/wp-json\/wp\/v2\/product_tag?post=316"}],"curies":[{"name":"wp","href":"https:\/\/api.w.org\/{rel}","templated":true}]}}