{"id":318,"date":"2026-03-25T17:53:00","date_gmt":"2026-03-25T17:53:00","guid":{"rendered":"https:\/\/rakosrenata.keriweb.hu\/?post_type=product&#038;p=318"},"modified":"2026-03-25T17:58:18","modified_gmt":"2026-03-25T17:58:18","slug":"6-es-9-szemes-gyemantszem-applikator","status":"publish","type":"product","link":"https:\/\/rakosrenata.keriweb.hu\/en\/product\/6-es-9-szemes-gyemantszem-applikator\/","title":{"rendered":"6 \u00e9s 9 szemes gy\u00e9m\u00e1ntszem applik\u00e1tor"},"content":{"rendered":"","protected":false},"excerpt":{"rendered":"<p>6 \u00e9s 9 szemes gy\u00e9m\u00e1ntszem applik\u00e1tor.\u00a0Egyszer\u0171 m\u0171anyag eszk\u00f6z, mely alkalmas egyszerre t\u00f6bb gy\u00e9m\u00e1ntszemet felhelyezni egy k\u00e9pre. Ide\u00e1lis v\u00e1laszt\u00e1s, ha nagyobb k\u00e9pen dolgozunk.<\/p>","protected":false},"featured_media":319,"comment_status":"open","ping_status":"closed","template":"","meta":[],"product_brand":[],"product_cat":[29],"product_tag":[],"class_list":{"0":"post-318","1":"product","2":"type-product","3":"status-publish","4":"has-post-thumbnail","6":"product_cat-eszkozok","8":"first","9":"instock","10":"taxable","11":"shipping-taxable","12":"purchasable","13":"product-type-simple"},"_links":{"self":[{"href":"https:\/\/rakosrenata.keriweb.hu\/en\/wp-json\/wp\/v2\/product\/318","targetHints":{"allow":["GET"]}}],"collection":[{"href":"https:\/\/rakosrenata.keriweb.hu\/en\/wp-json\/wp\/v2\/product"}],"about":[{"href":"https:\/\/rakosrenata.keriweb.hu\/en\/wp-json\/wp\/v2\/types\/product"}],"replies":[{"embeddable":true,"href":"https:\/\/rakosrenata.keriweb.hu\/en\/wp-json\/wp\/v2\/comments?post=318"}],"wp:featuredmedia":[{"embeddable":true,"href":"https:\/\/rakosrenata.keriweb.hu\/en\/wp-json\/wp\/v2\/media\/319"}],"wp:attachment":[{"href":"https:\/\/rakosrenata.keriweb.hu\/en\/wp-json\/wp\/v2\/media?parent=318"}],"wp:term":[{"taxonomy":"product_brand","embeddable":true,"href":"https:\/\/rakosrenata.keriweb.hu\/en\/wp-json\/wp\/v2\/product_brand?post=318"},{"taxonomy":"product_cat","embeddable":true,"href":"https:\/\/rakosrenata.keriweb.hu\/en\/wp-json\/wp\/v2\/product_cat?post=318"},{"taxonomy":"product_tag","embeddable":true,"href":"https:\/\/rakosrenata.keriweb.hu\/en\/wp-json\/wp\/v2\/product_tag?post=318"}],"curies":[{"name":"wp","href":"https:\/\/api.w.org\/{rel}","templated":true}]}}