{"id":322,"date":"2026-03-25T18:02:39","date_gmt":"2026-03-25T18:02:39","guid":{"rendered":"https:\/\/rakosrenata.keriweb.hu\/?post_type=product&#038;p=322"},"modified":"2026-03-25T18:10:29","modified_gmt":"2026-03-25T18:10:29","slug":"bovitheto-fejes-toll-gyemantszemes-kirakohoz-tobb-szinben","status":"publish","type":"product","link":"https:\/\/rakosrenata.keriweb.hu\/en\/product\/bovitheto-fejes-toll-gyemantszemes-kirakohoz-tobb-szinben\/","title":{"rendered":"B\u0151v\u00edthet\u0151 fejes toll gy\u00e9m\u00e1ntszemes kirak\u00f3hoz t\u00f6bb sz\u00ednben"},"content":{"rendered":"","protected":false},"excerpt":{"rendered":"<p>Ez a toll kompatibilis m\u00e1s toll fejekkel, melyekkel b\u0151v\u00edtheted a term\u00e9ket.<\/p>\n<p>A m\u00e1r megszokott, egy gy\u00f6ngy felv\u00e9tel\u00e9re alkalmas fejjel is lehet dolgozni, valamint told\u00e1ssal t\u00f6bb gy\u00e9m\u00e1ntszem felv\u00e9tel\u00e9re alkalmas fejeket lehet a tollra tenni. A nagyobb fejeket nagyobb fel\u00fcletek kirak\u00e1s\u00e1hoz aj\u00e1nljuk, ahol a soron k\u00f6vetkez\u0151 gy\u00f6ngy\u00f6k azonos sz\u00edn\u0171ek.<\/p>","protected":false},"featured_media":323,"comment_status":"open","ping_status":"closed","template":"","meta":[],"product_brand":[],"product_cat":[29],"product_tag":[],"class_list":{"0":"post-322","1":"product","2":"type-product","3":"status-publish","4":"has-post-thumbnail","6":"product_cat-eszkozok","8":"first","9":"instock","10":"taxable","11":"shipping-taxable","12":"purchasable","13":"product-type-variable"},"_links":{"self":[{"href":"https:\/\/rakosrenata.keriweb.hu\/en\/wp-json\/wp\/v2\/product\/322","targetHints":{"allow":["GET"]}}],"collection":[{"href":"https:\/\/rakosrenata.keriweb.hu\/en\/wp-json\/wp\/v2\/product"}],"about":[{"href":"https:\/\/rakosrenata.keriweb.hu\/en\/wp-json\/wp\/v2\/types\/product"}],"replies":[{"embeddable":true,"href":"https:\/\/rakosrenata.keriweb.hu\/en\/wp-json\/wp\/v2\/comments?post=322"}],"wp:featuredmedia":[{"embeddable":true,"href":"https:\/\/rakosrenata.keriweb.hu\/en\/wp-json\/wp\/v2\/media\/323"}],"wp:attachment":[{"href":"https:\/\/rakosrenata.keriweb.hu\/en\/wp-json\/wp\/v2\/media?parent=322"}],"wp:term":[{"taxonomy":"product_brand","embeddable":true,"href":"https:\/\/rakosrenata.keriweb.hu\/en\/wp-json\/wp\/v2\/product_brand?post=322"},{"taxonomy":"product_cat","embeddable":true,"href":"https:\/\/rakosrenata.keriweb.hu\/en\/wp-json\/wp\/v2\/product_cat?post=322"},{"taxonomy":"product_tag","embeddable":true,"href":"https:\/\/rakosrenata.keriweb.hu\/en\/wp-json\/wp\/v2\/product_tag?post=322"}],"curies":[{"name":"wp","href":"https:\/\/api.w.org\/{rel}","templated":true}]}}